{"id":396,"date":"2020-12-16T02:20:46","date_gmt":"2020-12-16T05:20:46","guid":{"rendered":"https:\/\/paraship.com.br\/?page_id=396"},"modified":"2025-08-21T00:38:16","modified_gmt":"2025-08-21T03:38:16","slug":"legalizacao-nautica","status":"publish","type":"page","link":"https:\/\/paraship.com.br\/?page_id=396","title":{"rendered":"Legaliza\u00e7\u00e3o Na\u00fatica"},"content":{"rendered":"\t\t<div data-elementor-type=\"wp-page\" data-elementor-id=\"396\" class=\"elementor elementor-396\" data-elementor-post-type=\"page\">\n\t\t\t\t\t\t<section class=\"elementor-section elementor-top-section elementor-element elementor-element-c6b1f49 elementor-section-boxed elementor-section-height-default elementor-section-height-default\" data-id=\"c6b1f49\" data-element_type=\"section\" data-settings=\"{&quot;background_background&quot;:&quot;gradient&quot;}\">\n\t\t\t\t\t\t<div class=\"elementor-container elementor-column-gap-default\">\n\t\t\t\t\t<div class=\"elementor-column elementor-col-100 elementor-top-column elementor-element elementor-element-55c2fafa\" data-id=\"55c2fafa\" data-element_type=\"column\">\n\t\t\t<div class=\"elementor-widget-wrap elementor-element-populated\">\n\t\t\t\t\t\t<div class=\"elementor-element elementor-element-7f3bc409 elementor-absolute elementor-widget elementor-widget-heading\" data-id=\"7f3bc409\" data-element_type=\"widget\" data-settings=\"{&quot;_position&quot;:&quot;absolute&quot;}\" data-widget_type=\"heading.default\">\n\t\t\t\t<div class=\"elementor-widget-container\">\n\t\t\t\t\t<h2 class=\"elementor-heading-title elementor-size-default\">legaliza\u00e7\u00e3o<\/h2>\t\t\t\t<\/div>\n\t\t\t\t<\/div>\n\t\t\t\t<div class=\"elementor-element elementor-element-bcc7db0 elementor-widget elementor-widget-heading\" data-id=\"bcc7db0\" data-element_type=\"widget\" data-widget_type=\"heading.default\">\n\t\t\t\t<div class=\"elementor-widget-container\">\n\t\t\t\t\t<h2 class=\"elementor-heading-title elementor-size-default\">Legaliza\u00e7\u00e3o N\u00e1utica<\/h2>\t\t\t\t<\/div>\n\t\t\t\t<\/div>\n\t\t\t\t\t<\/div>\n\t\t<\/div>\n\t\t\t\t\t<\/div>\n\t\t<\/section>\n\t\t\t\t<section class=\"elementor-section elementor-top-section elementor-element elementor-element-f7dd695 elementor-section-boxed elementor-section-height-default elementor-section-height-default\" data-id=\"f7dd695\" data-element_type=\"section\">\n\t\t\t\t\t\t\t<div class=\"elementor-background-overlay\"><\/div>\n\t\t\t\t\t\t\t<div class=\"elementor-container elementor-column-gap-default\">\n\t\t\t\t\t<div class=\"elementor-column elementor-col-100 elementor-top-column elementor-element elementor-element-63395f4\" data-id=\"63395f4\" data-element_type=\"column\" data-settings=\"{&quot;background_background&quot;:&quot;classic&quot;}\">\n\t\t\t<div class=\"elementor-widget-wrap elementor-element-populated\">\n\t\t\t\t\t\t<div class=\"elementor-element elementor-element-3eab8c1 elementor-view-stacked elementor-shape-circle elementor-widget elementor-widget-icon\" data-id=\"3eab8c1\" data-element_type=\"widget\" data-widget_type=\"icon.default\">\n\t\t\t\t<div class=\"elementor-widget-container\">\n\t\t\t\t\t\t\t<div class=\"elementor-icon-wrapper\">\n\t\t\t<div class=\"elementor-icon\">\n\t\t\t<i aria-hidden=\"true\" class=\"fas fa-anchor\"><\/i>\t\t\t<\/div>\n\t\t<\/div>\n\t\t\t\t\t\t<\/div>\n\t\t\t\t<\/div>\n\t\t\t\t<div class=\"elementor-element elementor-element-1dda641 elementor-widget elementor-widget-text-editor\" data-id=\"1dda641\" data-element_type=\"widget\" data-widget_type=\"text-editor.default\">\n\t\t\t\t<div class=\"elementor-widget-container\">\n\t\t\t\t\t\t\t\t\t<p>Trabalhamos com todos os tipos de embarca\u00e7\u00e3o N\u00e1utica junto a Capitania do Portos e Tribunal Mar\u00edtimo.<\/p>\t\t\t\t\t\t\t\t<\/div>\n\t\t\t\t<\/div>\n\t\t\t\t\t<\/div>\n\t\t<\/div>\n\t\t\t\t\t<\/div>\n\t\t<\/section>\n\t\t\t\t<section class=\"elementor-section elementor-top-section elementor-element elementor-element-224ed3b2 elementor-section-boxed elementor-section-height-default elementor-section-height-default\" data-id=\"224ed3b2\" data-element_type=\"section\" data-settings=\"{&quot;background_background&quot;:&quot;classic&quot;}\">\n\t\t\t\t\t\t<div class=\"elementor-container elementor-column-gap-default\">\n\t\t\t\t\t<div class=\"elementor-column elementor-col-33 elementor-top-column elementor-element elementor-element-1faff3bf\" data-id=\"1faff3bf\" data-element_type=\"column\" data-settings=\"{&quot;background_background&quot;:&quot;classic&quot;}\">\n\t\t\t<div class=\"elementor-widget-wrap elementor-element-populated\">\n\t\t\t\t\t\t<div class=\"elementor-element elementor-element-67ef3b7d elementor-view-stacked elementor-position-left elementor-shape-circle elementor-mobile-position-top elementor-widget elementor-widget-icon-box\" data-id=\"67ef3b7d\" data-element_type=\"widget\" data-widget_type=\"icon-box.default\">\n\t\t\t\t<div class=\"elementor-widget-container\">\n\t\t\t\t\t\t\t<div class=\"elementor-icon-box-wrapper\">\n\n\t\t\t\t\t\t<div class=\"elementor-icon-box-icon\">\n\t\t\t\t<span  class=\"elementor-icon\">\n\t\t\t\t<i aria-hidden=\"true\" class=\"far fa-check-circle\"><\/i>\t\t\t\t<\/span>\n\t\t\t<\/div>\n\t\t\t\n\t\t\t\t\t\t<div class=\"elementor-icon-box-content\">\n\n\t\t\t\t\t\t\t\t\t<h5 class=\"elementor-icon-box-title\">\n\t\t\t\t\t\t<span  >\n\t\t\t\t\t\t\tLegaliza\u00e7\u00f5es\t\t\t\t\t\t<\/span>\n\t\t\t\t\t<\/h5>\n\t\t\t\t\n\t\t\t\t\n\t\t\t<\/div>\n\t\t\t\n\t\t<\/div>\n\t\t\t\t\t\t<\/div>\n\t\t\t\t<\/div>\n\t\t\t\t<div class=\"elementor-element elementor-element-6aa4f4b elementor-view-stacked elementor-position-left elementor-shape-circle elementor-mobile-position-top elementor-widget elementor-widget-icon-box\" data-id=\"6aa4f4b\" data-element_type=\"widget\" data-widget_type=\"icon-box.default\">\n\t\t\t\t<div class=\"elementor-widget-container\">\n\t\t\t\t\t\t\t<div class=\"elementor-icon-box-wrapper\">\n\n\t\t\t\t\t\t<div class=\"elementor-icon-box-icon\">\n\t\t\t\t<span  class=\"elementor-icon\">\n\t\t\t\t<i aria-hidden=\"true\" class=\"far fa-edit\"><\/i>\t\t\t\t<\/span>\n\t\t\t<\/div>\n\t\t\t\n\t\t\t\t\t\t<div class=\"elementor-icon-box-content\">\n\n\t\t\t\t\t\t\t\t\t<h5 class=\"elementor-icon-box-title\">\n\t\t\t\t\t\t<span  >\n\t\t\t\t\t\t\tInscri\u00e7\u00e3o \t\t\t\t\t\t<\/span>\n\t\t\t\t\t<\/h5>\n\t\t\t\t\n\t\t\t\t\n\t\t\t<\/div>\n\t\t\t\n\t\t<\/div>\n\t\t\t\t\t\t<\/div>\n\t\t\t\t<\/div>\n\t\t\t\t<div class=\"elementor-element elementor-element-69acc02 elementor-view-stacked elementor-position-left elementor-shape-circle elementor-mobile-position-top elementor-widget elementor-widget-icon-box\" data-id=\"69acc02\" data-element_type=\"widget\" data-widget_type=\"icon-box.default\">\n\t\t\t\t<div class=\"elementor-widget-container\">\n\t\t\t\t\t\t\t<div class=\"elementor-icon-box-wrapper\">\n\n\t\t\t\t\t\t<div class=\"elementor-icon-box-icon\">\n\t\t\t\t<span  class=\"elementor-icon\">\n\t\t\t\t<i aria-hidden=\"true\" class=\"far fa-copy\"><\/i>\t\t\t\t<\/span>\n\t\t\t<\/div>\n\t\t\t\n\t\t\t\t\t\t<div class=\"elementor-icon-box-content\">\n\n\t\t\t\t\t\t\t\t\t<h5 class=\"elementor-icon-box-title\">\n\t\t\t\t\t\t<span  >\n\t\t\t\t\t\t\tTransfer\u00eancia de propriedade \t\t\t\t\t\t<\/span>\n\t\t\t\t\t<\/h5>\n\t\t\t\t\n\t\t\t\t\n\t\t\t<\/div>\n\t\t\t\n\t\t<\/div>\n\t\t\t\t\t\t<\/div>\n\t\t\t\t<\/div>\n\t\t\t\t<div class=\"elementor-element elementor-element-269c680 elementor-view-stacked elementor-position-left elementor-shape-circle elementor-mobile-position-top elementor-widget elementor-widget-icon-box\" data-id=\"269c680\" data-element_type=\"widget\" data-widget_type=\"icon-box.default\">\n\t\t\t\t<div class=\"elementor-widget-container\">\n\t\t\t\t\t\t\t<div class=\"elementor-icon-box-wrapper\">\n\n\t\t\t\t\t\t<div class=\"elementor-icon-box-icon\">\n\t\t\t\t<span  class=\"elementor-icon\">\n\t\t\t\t<i aria-hidden=\"true\" class=\"far fa-images\"><\/i>\t\t\t\t<\/span>\n\t\t\t<\/div>\n\t\t\t\n\t\t\t\t\t\t<div class=\"elementor-icon-box-content\">\n\n\t\t\t\t\t\t\t\t\t<h5 class=\"elementor-icon-box-title\">\n\t\t\t\t\t\t<span  >\n\t\t\t\t\t\t\tTransfer\u00eancia de jurisdi\u00e7\u00e3o \t\t\t\t\t\t<\/span>\n\t\t\t\t\t<\/h5>\n\t\t\t\t\n\t\t\t\t\n\t\t\t<\/div>\n\t\t\t\n\t\t<\/div>\n\t\t\t\t\t\t<\/div>\n\t\t\t\t<\/div>\n\t\t\t\t<div class=\"elementor-element elementor-element-90dfda5 elementor-view-stacked elementor-position-left elementor-shape-circle elementor-mobile-position-top elementor-widget elementor-widget-icon-box\" data-id=\"90dfda5\" data-element_type=\"widget\" data-widget_type=\"icon-box.default\">\n\t\t\t\t<div class=\"elementor-widget-container\">\n\t\t\t\t\t\t\t<div class=\"elementor-icon-box-wrapper\">\n\n\t\t\t\t\t\t<div class=\"elementor-icon-box-icon\">\n\t\t\t\t<span  class=\"elementor-icon\">\n\t\t\t\t<i aria-hidden=\"true\" class=\"fas fa-anchor\"><\/i>\t\t\t\t<\/span>\n\t\t\t<\/div>\n\t\t\t\n\t\t\t\t\t\t<div class=\"elementor-icon-box-content\">\n\n\t\t\t\t\t\t\t\t\t<h5 class=\"elementor-icon-box-title\">\n\t\t\t\t\t\t<span  >\n\t\t\t\t\t\t\tAtualiza\u00e7\u00e3o cadastral de embarca\u00e7\u00e3o \t\t\t\t\t\t<\/span>\n\t\t\t\t\t<\/h5>\n\t\t\t\t\n\t\t\t\t\n\t\t\t<\/div>\n\t\t\t\n\t\t<\/div>\n\t\t\t\t\t\t<\/div>\n\t\t\t\t<\/div>\n\t\t\t\t\t<\/div>\n\t\t<\/div>\n\t\t\t\t<div class=\"elementor-column elementor-col-33 elementor-top-column elementor-element elementor-element-66883734\" data-id=\"66883734\" data-element_type=\"column\">\n\t\t\t<div class=\"elementor-widget-wrap elementor-element-populated\">\n\t\t\t\t\t\t<section class=\"elementor-section elementor-inner-section elementor-element elementor-element-42c6c320 elementor-section-boxed elementor-section-height-default elementor-section-height-default\" data-id=\"42c6c320\" data-element_type=\"section\">\n\t\t\t\t\t\t<div class=\"elementor-container elementor-column-gap-default\">\n\t\t\t\t\t<div class=\"elementor-column elementor-col-100 elementor-inner-column elementor-element elementor-element-3892b18\" data-id=\"3892b18\" data-element_type=\"column\">\n\t\t\t<div class=\"elementor-widget-wrap elementor-element-populated\">\n\t\t\t\t\t\t<div class=\"elementor-element elementor-element-0cf4287 elementor-widget elementor-widget-heading\" data-id=\"0cf4287\" data-element_type=\"widget\" data-widget_type=\"heading.default\">\n\t\t\t\t<div class=\"elementor-widget-container\">\n\t\t\t\t\t<h2 class=\"elementor-heading-title elementor-size-default\">+Servi\u00e7os<\/h2>\t\t\t\t<\/div>\n\t\t\t\t<\/div>\n\t\t\t\t<div class=\"elementor-element elementor-element-3bca8e1 elementor-widget elementor-widget-image\" data-id=\"3bca8e1\" data-element_type=\"widget\" data-widget_type=\"image.default\">\n\t\t\t\t<div class=\"elementor-widget-container\">\n\t\t\t\t\t\t\t\t\t\t\t\t\t\t\t<img fetchpriority=\"high\" decoding=\"async\" width=\"532\" height=\"519\" src=\"https:\/\/paraship.com.br\/wp-content\/uploads\/2021\/02\/imagem_paraship.png\" class=\"attachment-large size-large wp-image-991\" alt=\"\" srcset=\"https:\/\/paraship.com.br\/wp-content\/uploads\/2021\/02\/imagem_paraship.png 532w, https:\/\/paraship.com.br\/wp-content\/uploads\/2021\/02\/imagem_paraship-300x293.png 300w\" sizes=\"(max-width: 532px) 100vw, 532px\" \/>\t\t\t\t\t\t\t\t\t\t\t\t\t\t\t<\/div>\n\t\t\t\t<\/div>\n\t\t\t\t\t<\/div>\n\t\t<\/div>\n\t\t\t\t\t<\/div>\n\t\t<\/section>\n\t\t\t\t\t<\/div>\n\t\t<\/div>\n\t\t\t\t<div class=\"elementor-column elementor-col-33 elementor-top-column elementor-element elementor-element-4a594c5\" data-id=\"4a594c5\" data-element_type=\"column\" data-settings=\"{&quot;background_background&quot;:&quot;classic&quot;}\">\n\t\t\t<div class=\"elementor-widget-wrap elementor-element-populated\">\n\t\t\t\t\t\t<div class=\"elementor-element elementor-element-68a34dc elementor-view-stacked elementor-position-left elementor-shape-circle elementor-mobile-position-top elementor-widget elementor-widget-icon-box\" data-id=\"68a34dc\" data-element_type=\"widget\" data-widget_type=\"icon-box.default\">\n\t\t\t\t<div class=\"elementor-widget-container\">\n\t\t\t\t\t\t\t<div class=\"elementor-icon-box-wrapper\">\n\n\t\t\t\t\t\t<div class=\"elementor-icon-box-icon\">\n\t\t\t\t<span  class=\"elementor-icon\">\n\t\t\t\t<i aria-hidden=\"true\" class=\"fas fa-clipboard\"><\/i>\t\t\t\t<\/span>\n\t\t\t<\/div>\n\t\t\t\n\t\t\t\t\t\t<div class=\"elementor-icon-box-content\">\n\n\t\t\t\t\t\t\t\t\t<h5 class=\"elementor-icon-box-title\">\n\t\t\t\t\t\t<span  >\n\t\t\t\t\t\t\tRenova\u00e7\u00e3o de CIR\t\t\t\t\t\t<\/span>\n\t\t\t\t\t<\/h5>\n\t\t\t\t\n\t\t\t\t\n\t\t\t<\/div>\n\t\t\t\n\t\t<\/div>\n\t\t\t\t\t\t<\/div>\n\t\t\t\t<\/div>\n\t\t\t\t<div class=\"elementor-element elementor-element-1422a96 elementor-view-stacked elementor-position-left elementor-shape-circle elementor-mobile-position-top elementor-widget elementor-widget-icon-box\" data-id=\"1422a96\" data-element_type=\"widget\" data-widget_type=\"icon-box.default\">\n\t\t\t\t<div class=\"elementor-widget-container\">\n\t\t\t\t\t\t\t<div class=\"elementor-icon-box-wrapper\">\n\n\t\t\t\t\t\t<div class=\"elementor-icon-box-icon\">\n\t\t\t\t<span  class=\"elementor-icon\">\n\t\t\t\t<i aria-hidden=\"true\" class=\"fas fa-balance-scale\"><\/i>\t\t\t\t<\/span>\n\t\t\t<\/div>\n\t\t\t\n\t\t\t\t\t\t<div class=\"elementor-icon-box-content\">\n\n\t\t\t\t\t\t\t\t\t<h5 class=\"elementor-icon-box-title\">\n\t\t\t\t\t\t<span  >\n\t\t\t\t\t\t\tTribunal mar\u00edtimo \t\t\t\t\t\t<\/span>\n\t\t\t\t\t<\/h5>\n\t\t\t\t\n\t\t\t\t\n\t\t\t<\/div>\n\t\t\t\n\t\t<\/div>\n\t\t\t\t\t\t<\/div>\n\t\t\t\t<\/div>\n\t\t\t\t<div class=\"elementor-element elementor-element-fc021bd elementor-view-stacked elementor-position-left elementor-shape-circle elementor-mobile-position-top elementor-widget elementor-widget-icon-box\" data-id=\"fc021bd\" data-element_type=\"widget\" data-widget_type=\"icon-box.default\">\n\t\t\t\t<div class=\"elementor-widget-container\">\n\t\t\t\t\t\t\t<div class=\"elementor-icon-box-wrapper\">\n\n\t\t\t\t\t\t<div class=\"elementor-icon-box-icon\">\n\t\t\t\t<span  class=\"elementor-icon\">\n\t\t\t\t<i aria-hidden=\"true\" class=\"fas fa-certificate\"><\/i>\t\t\t\t<\/span>\n\t\t\t<\/div>\n\t\t\t\n\t\t\t\t\t\t<div class=\"elementor-icon-box-content\">\n\n\t\t\t\t\t\t\t\t\t<h5 class=\"elementor-icon-box-title\">\n\t\t\t\t\t\t<span  >\n\t\t\t\t\t\t\tAgenciamento junto as Certificadoras \t\t\t\t\t\t<\/span>\n\t\t\t\t\t<\/h5>\n\t\t\t\t\n\t\t\t\t\n\t\t\t<\/div>\n\t\t\t\n\t\t<\/div>\n\t\t\t\t\t\t<\/div>\n\t\t\t\t<\/div>\n\t\t\t\t<div class=\"elementor-element elementor-element-0001c7d elementor-view-stacked elementor-position-left elementor-shape-circle elementor-mobile-position-top elementor-widget elementor-widget-icon-box\" data-id=\"0001c7d\" data-element_type=\"widget\" data-widget_type=\"icon-box.default\">\n\t\t\t\t<div class=\"elementor-widget-container\">\n\t\t\t\t\t\t\t<div class=\"elementor-icon-box-wrapper\">\n\n\t\t\t\t\t\t<div class=\"elementor-icon-box-icon\">\n\t\t\t\t<span  class=\"elementor-icon\">\n\t\t\t\t<i aria-hidden=\"true\" class=\"far fa-id-badge\"><\/i>\t\t\t\t<\/span>\n\t\t\t<\/div>\n\t\t\t\n\t\t\t\t\t\t<div class=\"elementor-icon-box-content\">\n\n\t\t\t\t\t\t\t\t\t<h5 class=\"elementor-icon-box-title\">\n\t\t\t\t\t\t<span  >\n\t\t\t\t\t\t\t2 via de T\u00edtulos de embarca\u00e7\u00e3o \t\t\t\t\t\t<\/span>\n\t\t\t\t\t<\/h5>\n\t\t\t\t\n\t\t\t\t\n\t\t\t<\/div>\n\t\t\t\n\t\t<\/div>\n\t\t\t\t\t\t<\/div>\n\t\t\t\t<\/div>\n\t\t\t\t<div class=\"elementor-element elementor-element-8a52993 elementor-view-stacked elementor-position-left elementor-shape-circle elementor-mobile-position-top elementor-widget elementor-widget-icon-box\" data-id=\"8a52993\" data-element_type=\"widget\" data-widget_type=\"icon-box.default\">\n\t\t\t\t<div class=\"elementor-widget-container\">\n\t\t\t\t\t\t\t<div class=\"elementor-icon-box-wrapper\">\n\n\t\t\t\t\t\t<div class=\"elementor-icon-box-icon\">\n\t\t\t\t<span  class=\"elementor-icon\">\n\t\t\t\t<i aria-hidden=\"true\" class=\"fas fa-credit-card\"><\/i>\t\t\t\t<\/span>\n\t\t\t<\/div>\n\t\t\t\n\t\t\t\t\t\t<div class=\"elementor-icon-box-content\">\n\n\t\t\t\t\t\t\t\t\t<h5 class=\"elementor-icon-box-title\">\n\t\t\t\t\t\t<span  >\n\t\t\t\t\t\t\t2 via de CHA carteira de habilita\u00e7\u00e3o n\u00e1utica \t\t\t\t\t\t<\/span>\n\t\t\t\t\t<\/h5>\n\t\t\t\t\n\t\t\t\t\n\t\t\t<\/div>\n\t\t\t\n\t\t<\/div>\n\t\t\t\t\t\t<\/div>\n\t\t\t\t<\/div>\n\t\t\t\t\t<\/div>\n\t\t<\/div>\n\t\t\t\t\t<\/div>\n\t\t<\/section>\n\t\t\t\t<\/div>\n\t\t","protected":false},"excerpt":{"rendered":"<p>legaliza\u00e7\u00e3o Legaliza\u00e7\u00e3o N\u00e1utica Trabalhamos com todos os tipos de embarca\u00e7\u00e3o N\u00e1utica junto a Capitania do Portos e Tribunal Mar\u00edtimo. Legaliza\u00e7\u00f5es Inscri\u00e7\u00e3o Transfer\u00eancia de propriedade Transfer\u00eancia de jurisdi\u00e7\u00e3o Atualiza\u00e7\u00e3o cadastral de embarca\u00e7\u00e3o +Servi\u00e7os Renova\u00e7\u00e3o de CIR Tribunal mar\u00edtimo Agenciamento junto as Certificadoras 2 via de T\u00edtulos de embarca\u00e7\u00e3o 2 via de CHA carteira de habilita\u00e7\u00e3o n\u00e1utica<\/p>\n","protected":false},"author":1,"featured_media":0,"parent":0,"menu_order":0,"comment_status":"closed","ping_status":"closed","template":"","meta":{"footnotes":""},"class_list":["post-396","page","type-page","status-publish","hentry"],"yoast_head":"<!-- This site is optimized with the Yoast SEO plugin v25.7 - https:\/\/yoast.com\/wordpress\/plugins\/seo\/ -->\n<title>Legaliza\u00e7\u00e3o Na\u00fatica - Par\u00e1 Ship<\/title>\n<meta name=\"robots\" content=\"index, follow, max-snippet:-1, max-image-preview:large, max-video-preview:-1\" \/>\n<link rel=\"canonical\" href=\"https:\/\/paraship.com.br\/?page_id=396\" \/>\n<meta property=\"og:locale\" content=\"pt_BR\" \/>\n<meta property=\"og:type\" content=\"article\" \/>\n<meta property=\"og:title\" content=\"Legaliza\u00e7\u00e3o Na\u00fatica - Par\u00e1 Ship\" \/>\n<meta property=\"og:description\" content=\"legaliza\u00e7\u00e3o Legaliza\u00e7\u00e3o N\u00e1utica Trabalhamos com todos os tipos de embarca\u00e7\u00e3o N\u00e1utica junto a Capitania do Portos e Tribunal Mar\u00edtimo. Legaliza\u00e7\u00f5es Inscri\u00e7\u00e3o Transfer\u00eancia de propriedade Transfer\u00eancia de jurisdi\u00e7\u00e3o Atualiza\u00e7\u00e3o cadastral de embarca\u00e7\u00e3o +Servi\u00e7os Renova\u00e7\u00e3o de CIR Tribunal mar\u00edtimo Agenciamento junto as Certificadoras 2 via de T\u00edtulos de embarca\u00e7\u00e3o 2 via de CHA carteira de habilita\u00e7\u00e3o n\u00e1utica\" \/>\n<meta property=\"og:url\" content=\"https:\/\/paraship.com.br\/?page_id=396\" \/>\n<meta property=\"og:site_name\" content=\"Par\u00e1 Ship\" \/>\n<meta property=\"article:modified_time\" content=\"2025-08-21T03:38:16+00:00\" \/>\n<meta property=\"og:image\" content=\"https:\/\/paraship.com.br\/wp-content\/uploads\/2021\/02\/imagem_paraship.png\" \/>\n\t<meta property=\"og:image:width\" content=\"532\" \/>\n\t<meta property=\"og:image:height\" content=\"519\" \/>\n\t<meta property=\"og:image:type\" content=\"image\/png\" \/>\n<meta name=\"twitter:card\" content=\"summary_large_image\" \/>\n<script type=\"application\/ld+json\" class=\"yoast-schema-graph\">{\"@context\":\"https:\/\/schema.org\",\"@graph\":[{\"@type\":\"WebPage\",\"@id\":\"https:\/\/paraship.com.br\/?page_id=396\",\"url\":\"https:\/\/paraship.com.br\/?page_id=396\",\"name\":\"Legaliza\u00e7\u00e3o Na\u00fatica - Par\u00e1 Ship\",\"isPartOf\":{\"@id\":\"https:\/\/paraship.com.br\/#website\"},\"primaryImageOfPage\":{\"@id\":\"https:\/\/paraship.com.br\/?page_id=396#primaryimage\"},\"image\":{\"@id\":\"https:\/\/paraship.com.br\/?page_id=396#primaryimage\"},\"thumbnailUrl\":\"https:\/\/paraship.com.br\/wp-content\/uploads\/2021\/02\/imagem_paraship.png\",\"datePublished\":\"2020-12-16T05:20:46+00:00\",\"dateModified\":\"2025-08-21T03:38:16+00:00\",\"breadcrumb\":{\"@id\":\"https:\/\/paraship.com.br\/?page_id=396#breadcrumb\"},\"inLanguage\":\"pt-BR\",\"potentialAction\":[{\"@type\":\"ReadAction\",\"target\":[\"https:\/\/paraship.com.br\/?page_id=396\"]}]},{\"@type\":\"ImageObject\",\"inLanguage\":\"pt-BR\",\"@id\":\"https:\/\/paraship.com.br\/?page_id=396#primaryimage\",\"url\":\"https:\/\/paraship.com.br\/wp-content\/uploads\/2021\/02\/imagem_paraship.png\",\"contentUrl\":\"https:\/\/paraship.com.br\/wp-content\/uploads\/2021\/02\/imagem_paraship.png\",\"width\":532,\"height\":519},{\"@type\":\"BreadcrumbList\",\"@id\":\"https:\/\/paraship.com.br\/?page_id=396#breadcrumb\",\"itemListElement\":[{\"@type\":\"ListItem\",\"position\":1,\"name\":\"In\u00edcio\",\"item\":\"https:\/\/paraship.com.br\/\"},{\"@type\":\"ListItem\",\"position\":2,\"name\":\"Legaliza\u00e7\u00e3o Na\u00fatica\"}]},{\"@type\":\"WebSite\",\"@id\":\"https:\/\/paraship.com.br\/#website\",\"url\":\"https:\/\/paraship.com.br\/\",\"name\":\"Par\u00e1 Ship\",\"description\":\"Agenciamento mar\u00edtimo, cursos de Habilita\u00e7\u00e3o de amadores\",\"potentialAction\":[{\"@type\":\"SearchAction\",\"target\":{\"@type\":\"EntryPoint\",\"urlTemplate\":\"https:\/\/paraship.com.br\/?s={search_term_string}\"},\"query-input\":{\"@type\":\"PropertyValueSpecification\",\"valueRequired\":true,\"valueName\":\"search_term_string\"}}],\"inLanguage\":\"pt-BR\"}]}<\/script>\n<!-- \/ Yoast SEO plugin. -->","yoast_head_json":{"title":"Legaliza\u00e7\u00e3o Na\u00fatica - Par\u00e1 Ship","robots":{"index":"index","follow":"follow","max-snippet":"max-snippet:-1","max-image-preview":"max-image-preview:large","max-video-preview":"max-video-preview:-1"},"canonical":"https:\/\/paraship.com.br\/?page_id=396","og_locale":"pt_BR","og_type":"article","og_title":"Legaliza\u00e7\u00e3o Na\u00fatica - Par\u00e1 Ship","og_description":"legaliza\u00e7\u00e3o Legaliza\u00e7\u00e3o N\u00e1utica Trabalhamos com todos os tipos de embarca\u00e7\u00e3o N\u00e1utica junto a Capitania do Portos e Tribunal Mar\u00edtimo. Legaliza\u00e7\u00f5es Inscri\u00e7\u00e3o Transfer\u00eancia de propriedade Transfer\u00eancia de jurisdi\u00e7\u00e3o Atualiza\u00e7\u00e3o cadastral de embarca\u00e7\u00e3o +Servi\u00e7os Renova\u00e7\u00e3o de CIR Tribunal mar\u00edtimo Agenciamento junto as Certificadoras 2 via de T\u00edtulos de embarca\u00e7\u00e3o 2 via de CHA carteira de habilita\u00e7\u00e3o n\u00e1utica","og_url":"https:\/\/paraship.com.br\/?page_id=396","og_site_name":"Par\u00e1 Ship","article_modified_time":"2025-08-21T03:38:16+00:00","og_image":[{"width":532,"height":519,"url":"https:\/\/paraship.com.br\/wp-content\/uploads\/2021\/02\/imagem_paraship.png","type":"image\/png"}],"twitter_card":"summary_large_image","schema":{"@context":"https:\/\/schema.org","@graph":[{"@type":"WebPage","@id":"https:\/\/paraship.com.br\/?page_id=396","url":"https:\/\/paraship.com.br\/?page_id=396","name":"Legaliza\u00e7\u00e3o Na\u00fatica - Par\u00e1 Ship","isPartOf":{"@id":"https:\/\/paraship.com.br\/#website"},"primaryImageOfPage":{"@id":"https:\/\/paraship.com.br\/?page_id=396#primaryimage"},"image":{"@id":"https:\/\/paraship.com.br\/?page_id=396#primaryimage"},"thumbnailUrl":"https:\/\/paraship.com.br\/wp-content\/uploads\/2021\/02\/imagem_paraship.png","datePublished":"2020-12-16T05:20:46+00:00","dateModified":"2025-08-21T03:38:16+00:00","breadcrumb":{"@id":"https:\/\/paraship.com.br\/?page_id=396#breadcrumb"},"inLanguage":"pt-BR","potentialAction":[{"@type":"ReadAction","target":["https:\/\/paraship.com.br\/?page_id=396"]}]},{"@type":"ImageObject","inLanguage":"pt-BR","@id":"https:\/\/paraship.com.br\/?page_id=396#primaryimage","url":"https:\/\/paraship.com.br\/wp-content\/uploads\/2021\/02\/imagem_paraship.png","contentUrl":"https:\/\/paraship.com.br\/wp-content\/uploads\/2021\/02\/imagem_paraship.png","width":532,"height":519},{"@type":"BreadcrumbList","@id":"https:\/\/paraship.com.br\/?page_id=396#breadcrumb","itemListElement":[{"@type":"ListItem","position":1,"name":"In\u00edcio","item":"https:\/\/paraship.com.br\/"},{"@type":"ListItem","position":2,"name":"Legaliza\u00e7\u00e3o Na\u00fatica"}]},{"@type":"WebSite","@id":"https:\/\/paraship.com.br\/#website","url":"https:\/\/paraship.com.br\/","name":"Par\u00e1 Ship","description":"Agenciamento mar\u00edtimo, cursos de Habilita\u00e7\u00e3o de amadores","potentialAction":[{"@type":"SearchAction","target":{"@type":"EntryPoint","urlTemplate":"https:\/\/paraship.com.br\/?s={search_term_string}"},"query-input":{"@type":"PropertyValueSpecification","valueRequired":true,"valueName":"search_term_string"}}],"inLanguage":"pt-BR"}]}},"_links":{"self":[{"href":"https:\/\/paraship.com.br\/index.php?rest_route=\/wp\/v2\/pages\/396","targetHints":{"allow":["GET"]}}],"collection":[{"href":"https:\/\/paraship.com.br\/index.php?rest_route=\/wp\/v2\/pages"}],"about":[{"href":"https:\/\/paraship.com.br\/index.php?rest_route=\/wp\/v2\/types\/page"}],"author":[{"embeddable":true,"href":"https:\/\/paraship.com.br\/index.php?rest_route=\/wp\/v2\/users\/1"}],"replies":[{"embeddable":true,"href":"https:\/\/paraship.com.br\/index.php?rest_route=%2Fwp%2Fv2%2Fcomments&post=396"}],"version-history":[{"count":211,"href":"https:\/\/paraship.com.br\/index.php?rest_route=\/wp\/v2\/pages\/396\/revisions"}],"predecessor-version":[{"id":2462,"href":"https:\/\/paraship.com.br\/index.php?rest_route=\/wp\/v2\/pages\/396\/revisions\/2462"}],"wp:attachment":[{"href":"https:\/\/paraship.com.br\/index.php?rest_route=%2Fwp%2Fv2%2Fmedia&parent=396"}],"curies":[{"name":"wp","href":"https:\/\/api.w.org\/{rel}","templated":true}]}}